{"id":808,"date":"2024-02-09T08:39:19","date_gmt":"2024-02-09T07:39:19","guid":{"rendered":"https:\/\/location-tire-lait-electrique-france.fr\/?post_type=product&#038;p=808"},"modified":"2024-06-05T10:57:25","modified_gmt":"2024-06-05T08:57:25","slug":"spectra-s1","status":"publish","type":"product","link":"https:\/\/location-tire-lait-electrique-france.fr\/index.php\/produit\/spectra-s1\/","title":{"rendered":"Location de tire lait SPECTRA S1"},"content":{"rendered":"<p>Notre tire-lait \u00e9lectrique\u00a0<strong>s\u2019adaptera<\/strong>\u00a0\u00e0 votre mode de vie gr\u00e2ce \u00e0 ses prouesses technologiques et ergonomique.<\/p>\n<p>Sa typologie de pompages est\u00a0<strong>simple<\/strong>\u00a0ou en<strong>\u00a0double flux.<\/strong><\/p>\n<p>Vous g\u00e9rez<strong>\u00a0l\u2019intensit\u00e9<\/strong>\u00a0et la\u00a0<strong>fr\u00e9quence<\/strong>\u00a0de lactation.<\/p>\n<p>Sa taille de\u00a0<strong>20 cm<\/strong>\u00a0vous permettra de l\u2019emmener n\u2019importe ou vous le souhaitez. Un sac est fourni avec la location.<\/p>\n<p>Le tire lait fonctionne sur\u00a0<strong>secteur<\/strong>\u00a0ou\u00a0<strong>sur batterie (3heures)<\/strong>\u00a0permettant une r\u00e9elle autonomie<\/p>\n<p>Vous ne remarquerez pas son\u00a0<strong>poids<\/strong>\u00a0tr\u00e8s l\u00e9ger de\u00a0<strong>1.2kg.<\/strong><\/p>\n<p>Tous ces \u00e9l\u00e9ments font de ce tire \u00e9lectrique\u00a0<strong>votre partenaire id\u00e9al \u00e0 l\u2019allaitement<\/strong>.<\/p>\n","protected":false},"excerpt":{"rendered":"<p>\ud83d\udd10300\u20ac de caution bancaire (non d\u00e9bit\u00e9)<\/p>\n<p>\ud83d\udcb2Le prix indiqu\u00e9 est le prix de la location du tire-lait. Suivant votre situation (avec ou sans une mutuelle) un paiement suppl\u00e9mentaire peut \u00eatre n\u00e9cessaire.<\/p>\n","protected":false},"featured_media":1098,"comment_status":"closed","ping_status":"closed","template":"","meta":{"ocean_post_layout":"","ocean_both_sidebars_style":"","ocean_both_sidebars_content_width":0,"ocean_both_sidebars_sidebars_width":0,"ocean_sidebar":"0","ocean_second_sidebar":"0","ocean_disable_margins":"enable","ocean_add_body_class":"","ocean_shortcode_before_top_bar":"","ocean_shortcode_after_top_bar":"","ocean_shortcode_before_header":"","ocean_shortcode_after_header":"","ocean_has_shortcode":"","ocean_shortcode_after_title":"","ocean_shortcode_before_footer_widgets":"","ocean_shortcode_after_footer_widgets":"","ocean_shortcode_before_footer_bottom":"","ocean_shortcode_after_footer_bottom":"","ocean_display_top_bar":"default","ocean_display_header":"default","ocean_header_style":"","ocean_center_header_left_menu":"0","ocean_custom_header_template":"0","ocean_custom_logo":0,"ocean_custom_retina_logo":0,"ocean_custom_logo_max_width":0,"ocean_custom_logo_tablet_max_width":0,"ocean_custom_logo_mobile_max_width":0,"ocean_custom_logo_max_height":0,"ocean_custom_logo_tablet_max_height":0,"ocean_custom_logo_mobile_max_height":0,"ocean_header_custom_menu":"0","ocean_menu_typo_font_family":"0","ocean_menu_typo_font_subset":"","ocean_menu_typo_font_size":0,"ocean_menu_typo_font_size_tablet":0,"ocean_menu_typo_font_size_mobile":0,"ocean_menu_typo_font_size_unit":"px","ocean_menu_typo_font_weight":"","ocean_menu_typo_font_weight_tablet":"","ocean_menu_typo_font_weight_mobile":"","ocean_menu_typo_transform":"","ocean_menu_typo_transform_tablet":"","ocean_menu_typo_transform_mobile":"","ocean_menu_typo_line_height":0,"ocean_menu_typo_line_height_tablet":0,"ocean_menu_typo_line_height_mobile":0,"ocean_menu_typo_line_height_unit":"","ocean_menu_typo_spacing":0,"ocean_menu_typo_spacing_tablet":0,"ocean_menu_typo_spacing_mobile":0,"ocean_menu_typo_spacing_unit":"","ocean_menu_link_color":"","ocean_menu_link_color_hover":"","ocean_menu_link_color_active":"","ocean_menu_link_background":"","ocean_menu_link_hover_background":"","ocean_menu_link_active_background":"","ocean_menu_social_links_bg":"","ocean_menu_social_hover_links_bg":"","ocean_menu_social_links_color":"","ocean_menu_social_hover_links_color":"","ocean_disable_title":"default","ocean_disable_heading":"default","ocean_post_title":"","ocean_post_subheading":"","ocean_post_title_style":"","ocean_post_title_background_color":"","ocean_post_title_background":0,"ocean_post_title_bg_image_position":"","ocean_post_title_bg_image_attachment":"","ocean_post_title_bg_image_repeat":"","ocean_post_title_bg_image_size":"","ocean_post_title_height":0,"ocean_post_title_bg_overlay":0.5,"ocean_post_title_bg_overlay_color":"","ocean_disable_breadcrumbs":"off","ocean_breadcrumbs_color":"","ocean_breadcrumbs_separator_color":"","ocean_breadcrumbs_links_color":"","ocean_breadcrumbs_links_hover_color":"","ocean_display_footer_widgets":"off","ocean_display_footer_bottom":"default","ocean_custom_footer_template":"0","osh_disable_topbar_sticky":"default","osh_disable_header_sticky":"default","osh_sticky_header_style":"default","osh_sticky_header_effect":"","osh_custom_sticky_logo":0,"osh_custom_retina_sticky_logo":0,"osh_custom_sticky_logo_height":0,"osh_background_color":"","osh_links_color":"","osh_links_hover_color":"","osh_links_active_color":"","osh_links_bg_color":"","osh_links_hover_bg_color":"","osh_links_active_bg_color":"","osh_menu_social_links_color":"","osh_menu_social_hover_links_color":""},"product_brand":[],"product_cat":[17,16],"product_tag":[],"class_list":{"0":"post-808","1":"product","2":"type-product","3":"status-publish","4":"has-post-thumbnail","6":"product_cat-categorie-1","7":"product_cat-non-classe","9":"entry","10":"has-media","12":"first","13":"instock","14":"taxable","15":"shipping-taxable","16":"purchasable","17":"product-type-variable","18":"has-default-attributes","19":"has-product-nav","20":"col","21":"span_1_of_3","22":"owp-content-center","23":"owp-thumbs-layout-horizontal","24":"owp-btn-normal","25":"owp-tabs-layout-horizontal","26":"has-no-thumbnails"},"yoast_head":"<!-- This site is optimized with the Yoast SEO plugin v27.5 - https:\/\/yoast.com\/product\/yoast-seo-wordpress\/ -->\n<title>Location Tire lait \u00e9lectrique France - Spectra S1<\/title>\n<meta name=\"description\" content=\"Le tire lait \u00e9l\u00e9ctrique Spectra S1 est le meilleur apr\u00e8s une selection r\u00e9alis\u00e9 au sein de notre entreprise. Venez d\u00e9couvrir ses caract\u00e9ristiques.\" \/>\n<meta name=\"robots\" content=\"index, follow, max-snippet:-1, max-image-preview:large, max-video-preview:-1\" \/>\n<link rel=\"canonical\" href=\"https:\/\/location-tire-lait-electrique-france.fr\/index.php\/produit\/spectra-s1\/\" \/>\n<meta property=\"og:locale\" content=\"fr_FR\" \/>\n<meta property=\"og:type\" content=\"article\" \/>\n<meta property=\"og:title\" content=\"Location Tire lait \u00e9lectrique France - Spectra S1\" \/>\n<meta property=\"og:description\" content=\"Le tire lait \u00e9l\u00e9ctrique Spectra S1 est le meilleur apr\u00e8s une selection r\u00e9alis\u00e9 au sein de notre entreprise. Venez d\u00e9couvrir ses caract\u00e9ristiques.\" \/>\n<meta property=\"og:url\" content=\"https:\/\/location-tire-lait-electrique-france.fr\/index.php\/produit\/spectra-s1\/\" \/>\n<meta property=\"og:site_name\" content=\"LOCATION TIRE LAIT Spectra\" \/>\n<meta property=\"article:modified_time\" content=\"2024-06-05T08:57:25+00:00\" \/>\n<meta property=\"og:image\" content=\"https:\/\/location-tire-lait-electrique-france.fr\/wp-content\/uploads\/2024\/03\/SPECTRA-S1-3.png\" \/>\n\t<meta property=\"og:image:width\" content=\"1024\" \/>\n\t<meta property=\"og:image:height\" content=\"700\" \/>\n\t<meta property=\"og:image:type\" content=\"image\/png\" \/>\n<meta name=\"twitter:card\" content=\"summary_large_image\" \/>\n<meta name=\"twitter:label1\" content=\"Dur\u00e9e de lecture estim\u00e9e\" \/>\n\t<meta name=\"twitter:data1\" content=\"1 minute\" \/>\n<script type=\"application\/ld+json\" class=\"yoast-schema-graph\">{\"@context\":\"https:\\\/\\\/schema.org\",\"@graph\":[{\"@type\":\"WebPage\",\"@id\":\"https:\\\/\\\/location-tire-lait-electrique-france.fr\\\/index.php\\\/produit\\\/spectra-s1\\\/\",\"url\":\"https:\\\/\\\/location-tire-lait-electrique-france.fr\\\/index.php\\\/produit\\\/spectra-s1\\\/\",\"name\":\"Location Tire lait \u00e9lectrique France - Spectra S1\",\"isPartOf\":{\"@id\":\"https:\\\/\\\/location-tire-lait-electrique-france.fr\\\/#website\"},\"primaryImageOfPage\":{\"@id\":\"https:\\\/\\\/location-tire-lait-electrique-france.fr\\\/index.php\\\/produit\\\/spectra-s1\\\/#primaryimage\"},\"image\":{\"@id\":\"https:\\\/\\\/location-tire-lait-electrique-france.fr\\\/index.php\\\/produit\\\/spectra-s1\\\/#primaryimage\"},\"thumbnailUrl\":\"https:\\\/\\\/location-tire-lait-electrique-france.fr\\\/wp-content\\\/uploads\\\/2024\\\/03\\\/SPECTRA-S1-3.png\",\"datePublished\":\"2024-02-09T07:39:19+00:00\",\"dateModified\":\"2024-06-05T08:57:25+00:00\",\"description\":\"Le tire lait \u00e9l\u00e9ctrique Spectra S1 est le meilleur apr\u00e8s une selection r\u00e9alis\u00e9 au sein de notre entreprise. Venez d\u00e9couvrir ses caract\u00e9ristiques.\",\"breadcrumb\":{\"@id\":\"https:\\\/\\\/location-tire-lait-electrique-france.fr\\\/index.php\\\/produit\\\/spectra-s1\\\/#breadcrumb\"},\"inLanguage\":\"fr-FR\",\"potentialAction\":[{\"@type\":\"ReadAction\",\"target\":[\"https:\\\/\\\/location-tire-lait-electrique-france.fr\\\/index.php\\\/produit\\\/spectra-s1\\\/\"]}]},{\"@type\":\"ImageObject\",\"inLanguage\":\"fr-FR\",\"@id\":\"https:\\\/\\\/location-tire-lait-electrique-france.fr\\\/index.php\\\/produit\\\/spectra-s1\\\/#primaryimage\",\"url\":\"https:\\\/\\\/location-tire-lait-electrique-france.fr\\\/wp-content\\\/uploads\\\/2024\\\/03\\\/SPECTRA-S1-3.png\",\"contentUrl\":\"https:\\\/\\\/location-tire-lait-electrique-france.fr\\\/wp-content\\\/uploads\\\/2024\\\/03\\\/SPECTRA-S1-3.png\",\"width\":1024,\"height\":700},{\"@type\":\"BreadcrumbList\",\"@id\":\"https:\\\/\\\/location-tire-lait-electrique-france.fr\\\/index.php\\\/produit\\\/spectra-s1\\\/#breadcrumb\",\"itemListElement\":[{\"@type\":\"ListItem\",\"position\":1,\"name\":\"Accueil\",\"item\":\"https:\\\/\\\/location-tire-lait-electrique-france.fr\\\/\"},{\"@type\":\"ListItem\",\"position\":2,\"name\":\"Boutique\",\"item\":\"https:\\\/\\\/location-tire-lait-electrique-france.fr\\\/index.php\\\/boutique\\\/\"},{\"@type\":\"ListItem\",\"position\":3,\"name\":\"Location de tire lait SPECTRA S1\"}]},{\"@type\":\"WebSite\",\"@id\":\"https:\\\/\\\/location-tire-lait-electrique-france.fr\\\/#website\",\"url\":\"https:\\\/\\\/location-tire-lait-electrique-france.fr\\\/\",\"name\":\"LOCATION TIRE LAIT ELECTRIQUE FRANCE\",\"description\":\"\",\"publisher\":{\"@id\":\"https:\\\/\\\/location-tire-lait-electrique-france.fr\\\/#organization\"},\"potentialAction\":[{\"@type\":\"SearchAction\",\"target\":{\"@type\":\"EntryPoint\",\"urlTemplate\":\"https:\\\/\\\/location-tire-lait-electrique-france.fr\\\/?s={search_term_string}\"},\"query-input\":{\"@type\":\"PropertyValueSpecification\",\"valueRequired\":true,\"valueName\":\"search_term_string\"}}],\"inLanguage\":\"fr-FR\"},{\"@type\":\"Organization\",\"@id\":\"https:\\\/\\\/location-tire-lait-electrique-france.fr\\\/#organization\",\"name\":\"LOCATION TIRE LAIT FRANCE\",\"url\":\"https:\\\/\\\/location-tire-lait-electrique-france.fr\\\/\",\"logo\":{\"@type\":\"ImageObject\",\"inLanguage\":\"fr-FR\",\"@id\":\"https:\\\/\\\/location-tire-lait-electrique-france.fr\\\/#\\\/schema\\\/logo\\\/image\\\/\",\"url\":\"https:\\\/\\\/location-tire-lait-electrique-france.fr\\\/wp-content\\\/uploads\\\/2024\\\/01\\\/cropped-Pharmacie-Place-Italie-1.png\",\"contentUrl\":\"https:\\\/\\\/location-tire-lait-electrique-france.fr\\\/wp-content\\\/uploads\\\/2024\\\/01\\\/cropped-Pharmacie-Place-Italie-1.png\",\"width\":2000,\"height\":549,\"caption\":\"LOCATION TIRE LAIT FRANCE\"},\"image\":{\"@id\":\"https:\\\/\\\/location-tire-lait-electrique-france.fr\\\/#\\\/schema\\\/logo\\\/image\\\/\"}}]}<\/script>\n<!-- \/ Yoast SEO plugin. -->","yoast_head_json":{"title":"Location Tire lait \u00e9lectrique France - Spectra S1","description":"Le tire lait \u00e9l\u00e9ctrique Spectra S1 est le meilleur apr\u00e8s une selection r\u00e9alis\u00e9 au sein de notre entreprise. Venez d\u00e9couvrir ses caract\u00e9ristiques.","robots":{"index":"index","follow":"follow","max-snippet":"max-snippet:-1","max-image-preview":"max-image-preview:large","max-video-preview":"max-video-preview:-1"},"canonical":"https:\/\/location-tire-lait-electrique-france.fr\/index.php\/produit\/spectra-s1\/","og_locale":"fr_FR","og_type":"article","og_title":"Location Tire lait \u00e9lectrique France - Spectra S1","og_description":"Le tire lait \u00e9l\u00e9ctrique Spectra S1 est le meilleur apr\u00e8s une selection r\u00e9alis\u00e9 au sein de notre entreprise. Venez d\u00e9couvrir ses caract\u00e9ristiques.","og_url":"https:\/\/location-tire-lait-electrique-france.fr\/index.php\/produit\/spectra-s1\/","og_site_name":"LOCATION TIRE LAIT Spectra","article_modified_time":"2024-06-05T08:57:25+00:00","og_image":[{"width":1024,"height":700,"url":"https:\/\/location-tire-lait-electrique-france.fr\/wp-content\/uploads\/2024\/03\/SPECTRA-S1-3.png","type":"image\/png"}],"twitter_card":"summary_large_image","twitter_misc":{"Dur\u00e9e de lecture estim\u00e9e":"1 minute"},"schema":{"@context":"https:\/\/schema.org","@graph":[{"@type":"WebPage","@id":"https:\/\/location-tire-lait-electrique-france.fr\/index.php\/produit\/spectra-s1\/","url":"https:\/\/location-tire-lait-electrique-france.fr\/index.php\/produit\/spectra-s1\/","name":"Location Tire lait \u00e9lectrique France - Spectra S1","isPartOf":{"@id":"https:\/\/location-tire-lait-electrique-france.fr\/#website"},"primaryImageOfPage":{"@id":"https:\/\/location-tire-lait-electrique-france.fr\/index.php\/produit\/spectra-s1\/#primaryimage"},"image":{"@id":"https:\/\/location-tire-lait-electrique-france.fr\/index.php\/produit\/spectra-s1\/#primaryimage"},"thumbnailUrl":"https:\/\/location-tire-lait-electrique-france.fr\/wp-content\/uploads\/2024\/03\/SPECTRA-S1-3.png","datePublished":"2024-02-09T07:39:19+00:00","dateModified":"2024-06-05T08:57:25+00:00","description":"Le tire lait \u00e9l\u00e9ctrique Spectra S1 est le meilleur apr\u00e8s une selection r\u00e9alis\u00e9 au sein de notre entreprise. Venez d\u00e9couvrir ses caract\u00e9ristiques.","breadcrumb":{"@id":"https:\/\/location-tire-lait-electrique-france.fr\/index.php\/produit\/spectra-s1\/#breadcrumb"},"inLanguage":"fr-FR","potentialAction":[{"@type":"ReadAction","target":["https:\/\/location-tire-lait-electrique-france.fr\/index.php\/produit\/spectra-s1\/"]}]},{"@type":"ImageObject","inLanguage":"fr-FR","@id":"https:\/\/location-tire-lait-electrique-france.fr\/index.php\/produit\/spectra-s1\/#primaryimage","url":"https:\/\/location-tire-lait-electrique-france.fr\/wp-content\/uploads\/2024\/03\/SPECTRA-S1-3.png","contentUrl":"https:\/\/location-tire-lait-electrique-france.fr\/wp-content\/uploads\/2024\/03\/SPECTRA-S1-3.png","width":1024,"height":700},{"@type":"BreadcrumbList","@id":"https:\/\/location-tire-lait-electrique-france.fr\/index.php\/produit\/spectra-s1\/#breadcrumb","itemListElement":[{"@type":"ListItem","position":1,"name":"Accueil","item":"https:\/\/location-tire-lait-electrique-france.fr\/"},{"@type":"ListItem","position":2,"name":"Boutique","item":"https:\/\/location-tire-lait-electrique-france.fr\/index.php\/boutique\/"},{"@type":"ListItem","position":3,"name":"Location de tire lait SPECTRA S1"}]},{"@type":"WebSite","@id":"https:\/\/location-tire-lait-electrique-france.fr\/#website","url":"https:\/\/location-tire-lait-electrique-france.fr\/","name":"LOCATION TIRE LAIT ELECTRIQUE FRANCE","description":"","publisher":{"@id":"https:\/\/location-tire-lait-electrique-france.fr\/#organization"},"potentialAction":[{"@type":"SearchAction","target":{"@type":"EntryPoint","urlTemplate":"https:\/\/location-tire-lait-electrique-france.fr\/?s={search_term_string}"},"query-input":{"@type":"PropertyValueSpecification","valueRequired":true,"valueName":"search_term_string"}}],"inLanguage":"fr-FR"},{"@type":"Organization","@id":"https:\/\/location-tire-lait-electrique-france.fr\/#organization","name":"LOCATION TIRE LAIT FRANCE","url":"https:\/\/location-tire-lait-electrique-france.fr\/","logo":{"@type":"ImageObject","inLanguage":"fr-FR","@id":"https:\/\/location-tire-lait-electrique-france.fr\/#\/schema\/logo\/image\/","url":"https:\/\/location-tire-lait-electrique-france.fr\/wp-content\/uploads\/2024\/01\/cropped-Pharmacie-Place-Italie-1.png","contentUrl":"https:\/\/location-tire-lait-electrique-france.fr\/wp-content\/uploads\/2024\/01\/cropped-Pharmacie-Place-Italie-1.png","width":2000,"height":549,"caption":"LOCATION TIRE LAIT FRANCE"},"image":{"@id":"https:\/\/location-tire-lait-electrique-france.fr\/#\/schema\/logo\/image\/"}}]}},"price":"<span class=\"woocommerce-Price-amount amount\"><bdi>0,00&nbsp;<span class=\"woocommerce-Price-currencySymbol\">&euro;<\/span><\/bdi><\/span>","stock":"In Stock","image":"<img width=\"300\" height=\"300\" src=\"https:\/\/location-tire-lait-electrique-france.fr\/wp-content\/uploads\/2024\/03\/SPECTRA-S1-3-300x300.png\" class=\"attachment-woocommerce_thumbnail size-woocommerce_thumbnail\" alt=\"Location de tire lait SPECTRA S1\" decoding=\"async\" srcset=\"https:\/\/location-tire-lait-electrique-france.fr\/wp-content\/uploads\/2024\/03\/SPECTRA-S1-3-300x300.png 300w, https:\/\/location-tire-lait-electrique-france.fr\/wp-content\/uploads\/2024\/03\/SPECTRA-S1-3-150x150.png 150w, https:\/\/location-tire-lait-electrique-france.fr\/wp-content\/uploads\/2024\/03\/SPECTRA-S1-3-600x600.png 600w, https:\/\/location-tire-lait-electrique-france.fr\/wp-content\/uploads\/2024\/03\/SPECTRA-S1-3-100x100.png 100w\" sizes=\"(max-width: 300px) 100vw, 300px\" \/>","add_to_cart":"<a href=\"https:\/\/location-tire-lait-electrique-france.fr\/index.php\/produit\/spectra-s1\/\" aria-label=\"S\u00e9lectionner les options pour &ldquo;Location de tire lait SPECTRA S1&rdquo;\" data-quantity=\"1\" data-product_id=\"808\" data-product_sku=\"\" rel=\"nofollow\" class=\"details add_to_cart_button\">Choix des options<\/a>","_links":{"self":[{"href":"https:\/\/location-tire-lait-electrique-france.fr\/index.php\/wp-json\/wp\/v2\/product\/808","targetHints":{"allow":["GET"]}}],"collection":[{"href":"https:\/\/location-tire-lait-electrique-france.fr\/index.php\/wp-json\/wp\/v2\/product"}],"about":[{"href":"https:\/\/location-tire-lait-electrique-france.fr\/index.php\/wp-json\/wp\/v2\/types\/product"}],"replies":[{"embeddable":true,"href":"https:\/\/location-tire-lait-electrique-france.fr\/index.php\/wp-json\/wp\/v2\/comments?post=808"}],"wp:featuredmedia":[{"embeddable":true,"href":"https:\/\/location-tire-lait-electrique-france.fr\/index.php\/wp-json\/wp\/v2\/media\/1098"}],"wp:attachment":[{"href":"https:\/\/location-tire-lait-electrique-france.fr\/index.php\/wp-json\/wp\/v2\/media?parent=808"}],"wp:term":[{"taxonomy":"product_brand","embeddable":true,"href":"https:\/\/location-tire-lait-electrique-france.fr\/index.php\/wp-json\/wp\/v2\/product_brand?post=808"},{"taxonomy":"product_cat","embeddable":true,"href":"https:\/\/location-tire-lait-electrique-france.fr\/index.php\/wp-json\/wp\/v2\/product_cat?post=808"},{"taxonomy":"product_tag","embeddable":true,"href":"https:\/\/location-tire-lait-electrique-france.fr\/index.php\/wp-json\/wp\/v2\/product_tag?post=808"}],"curies":[{"name":"wp","href":"https:\/\/api.w.org\/{rel}","templated":true}]}}