{"id":806,"date":"2024-02-08T08:50:31","date_gmt":"2024-02-08T07:50:31","guid":{"rendered":"https:\/\/location-tire-lait-electrique-france.fr\/?page_id=806"},"modified":"2025-01-03T16:10:15","modified_gmt":"2025-01-03T15:10:15","slug":"politique-en-matiere-de-remboursements-et-de-retours","status":"publish","type":"page","link":"https:\/\/location-tire-lait-electrique-france.fr\/index.php\/politique-en-matiere-de-remboursements-et-de-retours\/","title":{"rendered":"Mentions l\u00e9gales"},"content":{"rendered":"\t\t<div data-elementor-type=\"wp-page\" data-elementor-id=\"806\" class=\"elementor elementor-806\">\n\t\t\t\t<div class=\"elementor-element elementor-element-53a11613 e-flex e-con-boxed e-con e-parent\" data-id=\"53a11613\" data-element_type=\"container\" data-e-type=\"container\">\n\t\t\t\t\t<div class=\"e-con-inner\">\n\t\t\t\t<div class=\"elementor-element elementor-element-56e2849 elementor-widget elementor-widget-heading\" data-id=\"56e2849\" data-element_type=\"widget\" data-e-type=\"widget\" data-widget_type=\"heading.default\">\n\t\t\t\t<div class=\"elementor-widget-container\">\n\t\t\t\t\t<h2 class=\"elementor-heading-title elementor-size-default\">MENTIONS LEGALES<\/h2>\t\t\t\t<\/div>\n\t\t\t\t<\/div>\n\t\t\t\t<div class=\"elementor-element elementor-element-2c4f821a elementor-widget elementor-widget-text-editor\" data-id=\"2c4f821a\" data-element_type=\"widget\" data-e-type=\"widget\" data-widget_type=\"text-editor.default\">\n\t\t\t\t<div class=\"elementor-widget-container\">\n\t\t\t\t\t\t\t\t\t<p><\/p>\n<p style=\"font-variant-ligatures: normal; font-variant-caps: normal; font-family: Roboto, sans-serif; font-size: 20px; font-style: normal; font-weight: 400;\">Le site internet&nbsp;<a style=\"font-size: 20px; transition-property: all;\" href=\"https:\/\/renovation-electrique-jc-douay.fr\/\">https:\/\/location-tire-lait-electrique-france.fr\/<\/a>&nbsp;est \u00e9dit\u00e9 par la soci\u00e9t\u00e9 CONSTRUCTEUR DIGITAL, SASU au capital social de 1 000 euros dont le si\u00e8ge social est situ\u00e9 au 42 avenue de la r\u00e9publique 94800 Villejuif, France, immatricul\u00e9e au Registre du Commerce et des Soci\u00e9t\u00e9s de Cr\u00e9teil sous le num\u00e9ro 982 187 957.<\/p>\n<p style=\"\"><span style=\"font-size: 20px;\">Le site <\/span><font color=\"#333333\"><span style=\"font-size: 20px;\">https:\/\/location-tire-lait-electrique-france.fr\/&nbsp;<\/span><\/font><span style=\"font-size: 20px;\">est he\u0301berge\u0301 par HOSTINGER, dont le sie\u0300ge social est situe\u0301 HOSTINGER INTERNATIONAL LTD, 61 Lordou Vironos Street, 6023 Larnaca, Chypre, joignable par le moyen suivant :<\/span><a style=\"font-family: Roboto, sans-serif; font-size: 20px; font-style: normal; font-variant-ligatures: normal; font-variant-caps: normal; font-weight: 400; transition-property: all;\" href=\"https:\/\/www.hostinger.fr\/contact\" target=\"_blank\" rel=\"noopener\">https:\/\/www.hostinger.fr\/contact<\/a><span style=\"font-size: 20px;\">.<\/span><\/p>\n<p style=\"font-variant-ligatures: normal; font-variant-caps: normal; font-family: Roboto, sans-serif; font-size: 20px; font-style: normal; font-weight: 400;\">La Pharmacie de la place d&rsquo;italie est responsable de l&rsquo;ensemble des publications du site internet.<\/p>\n<p style=\"font-variant-ligatures: normal; font-variant-caps: normal; font-family: Roboto, sans-serif; font-size: 20px; font-style: normal; font-weight: 400;\">Il est possible de contacter la pharmacie de la place d&rsquo;italie disponible sur le site internet, par courrier \u00e9lectronique \u00e0 l\u2019adresse pharmacie.placeditalie@gmail.com , ou par t\u00e9l\u00e9phone au 01 43 31 23 14.<\/p>\n<p style=\"font-variant-ligatures: normal; font-variant-caps: normal; font-family: Roboto, sans-serif; font-size: 20px; font-style: normal; font-weight: 400;\">Cr\u00e9ation par l\u2019entreprise CONSTRUCTEUR DIGITAL.<\/p>\n<p style=\"font-variant-ligatures: normal; font-variant-caps: normal; font-family: Roboto, sans-serif; font-size: 20px; font-style: normal; font-weight: 400;\">Pour des informations relatives au traitement de vos donn\u00e9es personnelles, nous vous invitons \u00e0 vous r\u00e9f\u00e9rer \u00e0 la Politique de Confidentialit\u00e9 pr\u00e9sente sur le site internet.<\/p>\n<p><\/p>\t\t\t\t\t\t\t\t<\/div>\n\t\t\t\t<\/div>\n\t\t\t\t\t<\/div>\n\t\t\t\t<\/div>\n\t\t\t\t<\/div>\n\t\t","protected":false},"excerpt":{"rendered":"<p>MENTIONS LEGALES Le site internet&nbsp;https:\/\/location-tire-lait-electrique-france.fr\/&nbsp;est \u00e9dit\u00e9 par la soci\u00e9t\u00e9 CONSTRUCTEUR DIGITAL, SASU au capital social de 1 000 euros dont le si\u00e8ge social est situ\u00e9 au 42 avenue de la r\u00e9publique 94800 Villejuif, France, immatricul\u00e9e au Registre du Commerce et des Soci\u00e9t\u00e9s de Cr\u00e9teil sous le num\u00e9ro 982 187 957. Le site https:\/\/location-tire-lait-electrique-france.fr\/&nbsp;est he\u0301berge\u0301 par [&hellip;]<\/p>\n","protected":false},"author":1,"featured_media":0,"parent":0,"menu_order":0,"comment_status":"closed","ping_status":"closed","template":"","meta":{"ocean_post_layout":"","ocean_both_sidebars_style":"","ocean_both_sidebars_content_width":0,"ocean_both_sidebars_sidebars_width":0,"ocean_sidebar":"","ocean_second_sidebar":"","ocean_disable_margins":"enable","ocean_add_body_class":"","ocean_shortcode_before_top_bar":"","ocean_shortcode_after_top_bar":"","ocean_shortcode_before_header":"","ocean_shortcode_after_header":"","ocean_has_shortcode":"","ocean_shortcode_after_title":"","ocean_shortcode_before_footer_widgets":"","ocean_shortcode_after_footer_widgets":"","ocean_shortcode_before_footer_bottom":"","ocean_shortcode_after_footer_bottom":"","ocean_display_top_bar":"default","ocean_display_header":"default","ocean_header_style":"","ocean_center_header_left_menu":"","ocean_custom_header_template":"","ocean_custom_logo":0,"ocean_custom_retina_logo":0,"ocean_custom_logo_max_width":0,"ocean_custom_logo_tablet_max_width":0,"ocean_custom_logo_mobile_max_width":0,"ocean_custom_logo_max_height":0,"ocean_custom_logo_tablet_max_height":0,"ocean_custom_logo_mobile_max_height":0,"ocean_header_custom_menu":"","ocean_menu_typo_font_family":"","ocean_menu_typo_font_subset":"","ocean_menu_typo_font_size":0,"ocean_menu_typo_font_size_tablet":0,"ocean_menu_typo_font_size_mobile":0,"ocean_menu_typo_font_size_unit":"px","ocean_menu_typo_font_weight":"","ocean_menu_typo_font_weight_tablet":"","ocean_menu_typo_font_weight_mobile":"","ocean_menu_typo_transform":"","ocean_menu_typo_transform_tablet":"","ocean_menu_typo_transform_mobile":"","ocean_menu_typo_line_height":0,"ocean_menu_typo_line_height_tablet":0,"ocean_menu_typo_line_height_mobile":0,"ocean_menu_typo_line_height_unit":"","ocean_menu_typo_spacing":0,"ocean_menu_typo_spacing_tablet":0,"ocean_menu_typo_spacing_mobile":0,"ocean_menu_typo_spacing_unit":"","ocean_menu_link_color":"","ocean_menu_link_color_hover":"","ocean_menu_link_color_active":"","ocean_menu_link_background":"","ocean_menu_link_hover_background":"","ocean_menu_link_active_background":"","ocean_menu_social_links_bg":"","ocean_menu_social_hover_links_bg":"","ocean_menu_social_links_color":"","ocean_menu_social_hover_links_color":"","ocean_disable_title":"default","ocean_disable_heading":"default","ocean_post_title":"","ocean_post_subheading":"","ocean_post_title_style":"","ocean_post_title_background_color":"","ocean_post_title_background":0,"ocean_post_title_bg_image_position":"","ocean_post_title_bg_image_attachment":"","ocean_post_title_bg_image_repeat":"","ocean_post_title_bg_image_size":"","ocean_post_title_height":0,"ocean_post_title_bg_overlay":0.5,"ocean_post_title_bg_overlay_color":"","ocean_disable_breadcrumbs":"default","ocean_breadcrumbs_color":"","ocean_breadcrumbs_separator_color":"","ocean_breadcrumbs_links_color":"","ocean_breadcrumbs_links_hover_color":"","ocean_display_footer_widgets":"default","ocean_display_footer_bottom":"default","ocean_custom_footer_template":"","osh_disable_topbar_sticky":"default","osh_disable_header_sticky":"default","osh_sticky_header_style":"default","osh_sticky_header_effect":"","osh_custom_sticky_logo":0,"osh_custom_retina_sticky_logo":0,"osh_custom_sticky_logo_height":0,"osh_background_color":"","osh_links_color":"","osh_links_hover_color":"","osh_links_active_color":"","osh_links_bg_color":"","osh_links_hover_bg_color":"","osh_links_active_bg_color":"","osh_menu_social_links_color":"","osh_menu_social_hover_links_color":"","footnotes":""},"class_list":["post-806","page","type-page","status-publish","hentry","entry","owp-thumbs-layout-horizontal","owp-btn-normal","owp-tabs-layout-horizontal","has-no-thumbnails","has-product-nav"],"yoast_head":"<!-- This site is optimized with the Yoast SEO plugin v27.5 - https:\/\/yoast.com\/product\/yoast-seo-wordpress\/ -->\n<title>Mentions l\u00e9gales - LOCATION TIRE LAIT Spectra<\/title>\n<meta name=\"robots\" content=\"index, follow, max-snippet:-1, max-image-preview:large, max-video-preview:-1\" \/>\n<link rel=\"canonical\" href=\"https:\/\/location-tire-lait-electrique-france.fr\/index.php\/politique-en-matiere-de-remboursements-et-de-retours\/\" \/>\n<meta property=\"og:locale\" content=\"fr_FR\" \/>\n<meta property=\"og:type\" content=\"article\" \/>\n<meta property=\"og:title\" content=\"Mentions l\u00e9gales - LOCATION TIRE LAIT Spectra\" \/>\n<meta property=\"og:description\" content=\"MENTIONS LEGALES Le site internet&nbsp;https:\/\/location-tire-lait-electrique-france.fr\/&nbsp;est \u00e9dit\u00e9 par la soci\u00e9t\u00e9 CONSTRUCTEUR DIGITAL, SASU au capital social de 1 000 euros dont le si\u00e8ge social est situ\u00e9 au 42 avenue de la r\u00e9publique 94800 Villejuif, France, immatricul\u00e9e au Registre du Commerce et des Soci\u00e9t\u00e9s de Cr\u00e9teil sous le num\u00e9ro 982 187 957. Le site https:\/\/location-tire-lait-electrique-france.fr\/&nbsp;est he\u0301berge\u0301 par [&hellip;]\" \/>\n<meta property=\"og:url\" content=\"https:\/\/location-tire-lait-electrique-france.fr\/index.php\/politique-en-matiere-de-remboursements-et-de-retours\/\" \/>\n<meta property=\"og:site_name\" content=\"LOCATION TIRE LAIT Spectra\" \/>\n<meta property=\"article:modified_time\" content=\"2025-01-03T15:10:15+00:00\" \/>\n<meta name=\"twitter:card\" content=\"summary_large_image\" \/>\n<meta name=\"twitter:label1\" content=\"Dur\u00e9e de lecture estim\u00e9e\" \/>\n\t<meta name=\"twitter:data1\" content=\"1 minute\" \/>\n<script type=\"application\/ld+json\" class=\"yoast-schema-graph\">{\"@context\":\"https:\\\/\\\/schema.org\",\"@graph\":[{\"@type\":\"WebPage\",\"@id\":\"https:\\\/\\\/location-tire-lait-electrique-france.fr\\\/index.php\\\/politique-en-matiere-de-remboursements-et-de-retours\\\/\",\"url\":\"https:\\\/\\\/location-tire-lait-electrique-france.fr\\\/index.php\\\/politique-en-matiere-de-remboursements-et-de-retours\\\/\",\"name\":\"Mentions l\u00e9gales - LOCATION TIRE LAIT Spectra\",\"isPartOf\":{\"@id\":\"https:\\\/\\\/location-tire-lait-electrique-france.fr\\\/#website\"},\"datePublished\":\"2024-02-08T07:50:31+00:00\",\"dateModified\":\"2025-01-03T15:10:15+00:00\",\"breadcrumb\":{\"@id\":\"https:\\\/\\\/location-tire-lait-electrique-france.fr\\\/index.php\\\/politique-en-matiere-de-remboursements-et-de-retours\\\/#breadcrumb\"},\"inLanguage\":\"fr-FR\",\"potentialAction\":[{\"@type\":\"ReadAction\",\"target\":[\"https:\\\/\\\/location-tire-lait-electrique-france.fr\\\/index.php\\\/politique-en-matiere-de-remboursements-et-de-retours\\\/\"]}]},{\"@type\":\"BreadcrumbList\",\"@id\":\"https:\\\/\\\/location-tire-lait-electrique-france.fr\\\/index.php\\\/politique-en-matiere-de-remboursements-et-de-retours\\\/#breadcrumb\",\"itemListElement\":[{\"@type\":\"ListItem\",\"position\":1,\"name\":\"Accueil\",\"item\":\"https:\\\/\\\/location-tire-lait-electrique-france.fr\\\/\"},{\"@type\":\"ListItem\",\"position\":2,\"name\":\"Mentions l\u00e9gales\"}]},{\"@type\":\"WebSite\",\"@id\":\"https:\\\/\\\/location-tire-lait-electrique-france.fr\\\/#website\",\"url\":\"https:\\\/\\\/location-tire-lait-electrique-france.fr\\\/\",\"name\":\"LOCATION TIRE LAIT ELECTRIQUE FRANCE\",\"description\":\"\",\"publisher\":{\"@id\":\"https:\\\/\\\/location-tire-lait-electrique-france.fr\\\/#organization\"},\"potentialAction\":[{\"@type\":\"SearchAction\",\"target\":{\"@type\":\"EntryPoint\",\"urlTemplate\":\"https:\\\/\\\/location-tire-lait-electrique-france.fr\\\/?s={search_term_string}\"},\"query-input\":{\"@type\":\"PropertyValueSpecification\",\"valueRequired\":true,\"valueName\":\"search_term_string\"}}],\"inLanguage\":\"fr-FR\"},{\"@type\":\"Organization\",\"@id\":\"https:\\\/\\\/location-tire-lait-electrique-france.fr\\\/#organization\",\"name\":\"LOCATION TIRE LAIT FRANCE\",\"url\":\"https:\\\/\\\/location-tire-lait-electrique-france.fr\\\/\",\"logo\":{\"@type\":\"ImageObject\",\"inLanguage\":\"fr-FR\",\"@id\":\"https:\\\/\\\/location-tire-lait-electrique-france.fr\\\/#\\\/schema\\\/logo\\\/image\\\/\",\"url\":\"https:\\\/\\\/location-tire-lait-electrique-france.fr\\\/wp-content\\\/uploads\\\/2024\\\/01\\\/cropped-Pharmacie-Place-Italie-1.png\",\"contentUrl\":\"https:\\\/\\\/location-tire-lait-electrique-france.fr\\\/wp-content\\\/uploads\\\/2024\\\/01\\\/cropped-Pharmacie-Place-Italie-1.png\",\"width\":2000,\"height\":549,\"caption\":\"LOCATION TIRE LAIT FRANCE\"},\"image\":{\"@id\":\"https:\\\/\\\/location-tire-lait-electrique-france.fr\\\/#\\\/schema\\\/logo\\\/image\\\/\"}}]}<\/script>\n<!-- \/ Yoast SEO plugin. -->","yoast_head_json":{"title":"Mentions l\u00e9gales - LOCATION TIRE LAIT Spectra","robots":{"index":"index","follow":"follow","max-snippet":"max-snippet:-1","max-image-preview":"max-image-preview:large","max-video-preview":"max-video-preview:-1"},"canonical":"https:\/\/location-tire-lait-electrique-france.fr\/index.php\/politique-en-matiere-de-remboursements-et-de-retours\/","og_locale":"fr_FR","og_type":"article","og_title":"Mentions l\u00e9gales - LOCATION TIRE LAIT Spectra","og_description":"MENTIONS LEGALES Le site internet&nbsp;https:\/\/location-tire-lait-electrique-france.fr\/&nbsp;est \u00e9dit\u00e9 par la soci\u00e9t\u00e9 CONSTRUCTEUR DIGITAL, SASU au capital social de 1 000 euros dont le si\u00e8ge social est situ\u00e9 au 42 avenue de la r\u00e9publique 94800 Villejuif, France, immatricul\u00e9e au Registre du Commerce et des Soci\u00e9t\u00e9s de Cr\u00e9teil sous le num\u00e9ro 982 187 957. Le site https:\/\/location-tire-lait-electrique-france.fr\/&nbsp;est he\u0301berge\u0301 par [&hellip;]","og_url":"https:\/\/location-tire-lait-electrique-france.fr\/index.php\/politique-en-matiere-de-remboursements-et-de-retours\/","og_site_name":"LOCATION TIRE LAIT Spectra","article_modified_time":"2025-01-03T15:10:15+00:00","twitter_card":"summary_large_image","twitter_misc":{"Dur\u00e9e de lecture estim\u00e9e":"1 minute"},"schema":{"@context":"https:\/\/schema.org","@graph":[{"@type":"WebPage","@id":"https:\/\/location-tire-lait-electrique-france.fr\/index.php\/politique-en-matiere-de-remboursements-et-de-retours\/","url":"https:\/\/location-tire-lait-electrique-france.fr\/index.php\/politique-en-matiere-de-remboursements-et-de-retours\/","name":"Mentions l\u00e9gales - LOCATION TIRE LAIT Spectra","isPartOf":{"@id":"https:\/\/location-tire-lait-electrique-france.fr\/#website"},"datePublished":"2024-02-08T07:50:31+00:00","dateModified":"2025-01-03T15:10:15+00:00","breadcrumb":{"@id":"https:\/\/location-tire-lait-electrique-france.fr\/index.php\/politique-en-matiere-de-remboursements-et-de-retours\/#breadcrumb"},"inLanguage":"fr-FR","potentialAction":[{"@type":"ReadAction","target":["https:\/\/location-tire-lait-electrique-france.fr\/index.php\/politique-en-matiere-de-remboursements-et-de-retours\/"]}]},{"@type":"BreadcrumbList","@id":"https:\/\/location-tire-lait-electrique-france.fr\/index.php\/politique-en-matiere-de-remboursements-et-de-retours\/#breadcrumb","itemListElement":[{"@type":"ListItem","position":1,"name":"Accueil","item":"https:\/\/location-tire-lait-electrique-france.fr\/"},{"@type":"ListItem","position":2,"name":"Mentions l\u00e9gales"}]},{"@type":"WebSite","@id":"https:\/\/location-tire-lait-electrique-france.fr\/#website","url":"https:\/\/location-tire-lait-electrique-france.fr\/","name":"LOCATION TIRE LAIT ELECTRIQUE FRANCE","description":"","publisher":{"@id":"https:\/\/location-tire-lait-electrique-france.fr\/#organization"},"potentialAction":[{"@type":"SearchAction","target":{"@type":"EntryPoint","urlTemplate":"https:\/\/location-tire-lait-electrique-france.fr\/?s={search_term_string}"},"query-input":{"@type":"PropertyValueSpecification","valueRequired":true,"valueName":"search_term_string"}}],"inLanguage":"fr-FR"},{"@type":"Organization","@id":"https:\/\/location-tire-lait-electrique-france.fr\/#organization","name":"LOCATION TIRE LAIT FRANCE","url":"https:\/\/location-tire-lait-electrique-france.fr\/","logo":{"@type":"ImageObject","inLanguage":"fr-FR","@id":"https:\/\/location-tire-lait-electrique-france.fr\/#\/schema\/logo\/image\/","url":"https:\/\/location-tire-lait-electrique-france.fr\/wp-content\/uploads\/2024\/01\/cropped-Pharmacie-Place-Italie-1.png","contentUrl":"https:\/\/location-tire-lait-electrique-france.fr\/wp-content\/uploads\/2024\/01\/cropped-Pharmacie-Place-Italie-1.png","width":2000,"height":549,"caption":"LOCATION TIRE LAIT FRANCE"},"image":{"@id":"https:\/\/location-tire-lait-electrique-france.fr\/#\/schema\/logo\/image\/"}}]}},"_links":{"self":[{"href":"https:\/\/location-tire-lait-electrique-france.fr\/index.php\/wp-json\/wp\/v2\/pages\/806","targetHints":{"allow":["GET"]}}],"collection":[{"href":"https:\/\/location-tire-lait-electrique-france.fr\/index.php\/wp-json\/wp\/v2\/pages"}],"about":[{"href":"https:\/\/location-tire-lait-electrique-france.fr\/index.php\/wp-json\/wp\/v2\/types\/page"}],"author":[{"embeddable":true,"href":"https:\/\/location-tire-lait-electrique-france.fr\/index.php\/wp-json\/wp\/v2\/users\/1"}],"replies":[{"embeddable":true,"href":"https:\/\/location-tire-lait-electrique-france.fr\/index.php\/wp-json\/wp\/v2\/comments?post=806"}],"version-history":[{"count":4,"href":"https:\/\/location-tire-lait-electrique-france.fr\/index.php\/wp-json\/wp\/v2\/pages\/806\/revisions"}],"predecessor-version":[{"id":1883,"href":"https:\/\/location-tire-lait-electrique-france.fr\/index.php\/wp-json\/wp\/v2\/pages\/806\/revisions\/1883"}],"wp:attachment":[{"href":"https:\/\/location-tire-lait-electrique-france.fr\/index.php\/wp-json\/wp\/v2\/media?parent=806"}],"curies":[{"name":"wp","href":"https:\/\/api.w.org\/{rel}","templated":true}]}}